{"id":877,"date":"2022-05-14T18:54:20","date_gmt":"2022-05-14T11:54:20","guid":{"rendered":"https:\/\/annatabeachhotel.vn\/?page_id=877"},"modified":"2022-05-29T20:32:08","modified_gmt":"2022-05-29T13:32:08","slug":"lien-he","status":"publish","type":"page","link":"https:\/\/annatabeachhotel.vn\/en\/lien-he\/","title":{"rendered":"About us"},"content":{"rendered":"<section class=\"section\" id=\"section_1009909256\">\n\t\t<div class=\"bg section-bg fill bg-fill  bg-loaded\" >\n\n\t\t\t\n\t\t\t\n\t\t\t\n\n\t\t<\/div>\n\n\t\t<div class=\"section-content relative\">\n\t\t\t\n\n<div class=\"row\"  id=\"row-398825449\">\n\n\n\t<div id=\"col-401886185\" class=\"col medium-6 small-12 large-6\"  >\n\t\t\t\t<div class=\"col-inner\"  >\n\t\t\t\n\t\t\t\n\n<h2><span style=\"font-size: 130%;\">LI\u00caN H\u1ec6 V\u1edaI ANNATA<\/span><\/h2>\n<div class=\"row\"  id=\"row-195717449\">\n\n\n\t<div id=\"col-1169952438\" class=\"col small-12 large-12\"  >\n\t\t\t\t<div class=\"col-inner\"  >\n\t\t\t\n\t\t\t\n\n\n\t\t<div class=\"icon-box featured-box icon-box-left text-left\"  style=\"margin:0px 0px 15px 0px;\">\n\t\t\t\t\t<div class=\"icon-box-img\" style=\"width: 20px\">\n\t\t\t\t<div class=\"icon\">\n\t\t\t\t\t<div class=\"icon-inner\" >\n\t\t\t\t\t\t<?xml version=\"1.0\" encoding=\"UTF-8\"?><svg xmlns=\"http:\/\/www.w3.org\/2000\/svg\" xmlns:xlink=\"http:\/\/www.w3.org\/1999\/xlink\" width=\"224.87999\" zoomandpan=\"magnify\" viewbox=\"0 0 224.87999 225\" height=\"225\" preserveaspectratio=\"xMidYMid meet\" version=\"1.0\"><defs><clippath id=\"clip-0\"><path d=\"M 34.714844 0.0585938 L 189.882812 0.0585938 L 189.882812 224.9375 L 34.714844 224.9375 Z M 34.714844 0.0585938 \" clip-rule=\"nonzero\"\/><\/clippath><\/defs><g clip-path=\"url(#clip-0)\"><path fill=\"rgb(6.269836%, 5.879211%, 5.099487%)\" d=\"M 143.769531 160.761719 C 131.304688 181.871094 118.722656 200.75 112.300781 210.167969 C 105.878906 200.75 93.292969 181.871094 80.832031 160.761719 C 57.769531 121.703125 45.578125 92.949219 45.578125 77.609375 C 45.578125 40.753906 75.511719 10.773438 112.300781 10.773438 C 149.089844 10.773438 179.019531 40.753906 179.019531 77.609375 C 179.019531 92.949219 166.828125 121.703125 143.769531 160.761719 Z M 112.300781 0.0625 C 69.617188 0.0625 34.890625 34.851562 34.890625 77.609375 C 34.890625 95.121094 47.265625 124.953125 71.667969 166.277344 C 89.589844 196.621094 107.753906 222.417969 107.9375 222.675781 C 108.9375 224.09375 110.566406 224.9375 112.300781 224.9375 C 114.035156 224.9375 115.664062 224.09375 116.664062 222.675781 C 116.84375 222.417969 135.015625 196.621094 152.933594 166.277344 C 177.335938 124.953125 189.710938 95.121094 189.710938 77.609375 C 189.710938 34.851562 154.984375 0.0625 112.300781 0.0625 \" fill-opacity=\"1\" fill-rule=\"nonzero\"\/><\/g><path fill=\"rgb(6.269836%, 5.879211%, 5.099487%)\" d=\"M 112.300781 100.800781 C 99.542969 100.800781 89.160156 90.398438 89.160156 77.609375 C 89.160156 64.828125 99.542969 54.425781 112.300781 54.425781 C 125.0625 54.425781 135.445312 64.828125 135.445312 77.609375 C 135.445312 90.398438 125.0625 100.800781 112.300781 100.800781 Z M 112.300781 43.71875 C 93.648438 43.71875 78.472656 58.921875 78.472656 77.609375 C 78.472656 96.304688 93.648438 111.511719 112.300781 111.511719 C 130.957031 111.511719 146.132812 96.304688 146.132812 77.609375 C 146.132812 58.921875 130.957031 43.71875 112.300781 43.71875 \" fill-opacity=\"1\" fill-rule=\"nonzero\"\/><\/svg>\t\t\t\t\t<\/div>\n\t\t\t\t<\/div>\n\t\t\t<\/div>\n\t\t\t\t<div class=\"icon-box-text last-reset\">\n\t\t\t\t\t\t\t\t\t\n\n<p>165 Th\u00f9y V\u00e2n, Ph\u01b0\u1eddng Th\u1eafng Tam, Tp. V\u0169ng T\u00e0u V\u0169ng T\u00e0u, B\u00e0 R\u1ecba &#8211; V\u0169ng T\u00e0u<\/p>\n\n\t\t<\/div>\n\t<\/div>\n\t\n\t\n\n\t\t<div class=\"icon-box featured-box icon-box-left text-left\"  style=\"margin:0px 0px 15px 0px;\">\n\t\t\t\t\t<div class=\"icon-box-img\" style=\"width: 20px\">\n\t\t\t\t<div class=\"icon\">\n\t\t\t\t\t<div class=\"icon-inner\" >\n\t\t\t\t\t\t<img loading=\"lazy\" decoding=\"async\" width=\"300\" height=\"300\" src=\"https:\/\/annatabeachhotel.vn\/wp-content\/uploads\/2022\/05\/Thiet-ke-khong-ten-2021-10-22T052456.579.png\" class=\"attachment-medium size-medium\" alt=\"\" srcset=\"https:\/\/annatabeachhotel.vn\/wp-content\/uploads\/2022\/05\/Thiet-ke-khong-ten-2021-10-22T052456.579.png 300w, https:\/\/annatabeachhotel.vn\/wp-content\/uploads\/2022\/05\/Thiet-ke-khong-ten-2021-10-22T052456.579-280x280.png 280w, https:\/\/annatabeachhotel.vn\/wp-content\/uploads\/2022\/05\/Thiet-ke-khong-ten-2021-10-22T052456.579-100x100.png 100w\" sizes=\"(max-width: 300px) 100vw, 300px\" \/>\t\t\t\t\t<\/div>\n\t\t\t\t<\/div>\n\t\t\t<\/div>\n\t\t\t\t<div class=\"icon-box-text last-reset\">\n\t\t\t\t\t\t\t\t\t\n\n<p>(+84) 0254 7303 839<\/p>\n\n\t\t<\/div>\n\t<\/div>\n\t\n\t\n\n\t\t<div class=\"icon-box featured-box icon-box-left text-left\"  style=\"margin:0px 0px 15px 0px;\">\n\t\t\t\t\t<div class=\"icon-box-img\" style=\"width: 20px\">\n\t\t\t\t<div class=\"icon\">\n\t\t\t\t\t<div class=\"icon-inner\" >\n\t\t\t\t\t\t<img loading=\"lazy\" decoding=\"async\" width=\"300\" height=\"300\" src=\"https:\/\/annatabeachhotel.vn\/wp-content\/uploads\/2022\/05\/Thiet-ke-khong-ten-2021-10-28T083324.401.png\" class=\"attachment-medium size-medium\" alt=\"\" srcset=\"https:\/\/annatabeachhotel.vn\/wp-content\/uploads\/2022\/05\/Thiet-ke-khong-ten-2021-10-28T083324.401.png 300w, https:\/\/annatabeachhotel.vn\/wp-content\/uploads\/2022\/05\/Thiet-ke-khong-ten-2021-10-28T083324.401-280x280.png 280w, https:\/\/annatabeachhotel.vn\/wp-content\/uploads\/2022\/05\/Thiet-ke-khong-ten-2021-10-28T083324.401-100x100.png 100w\" sizes=\"(max-width: 300px) 100vw, 300px\" \/>\t\t\t\t\t<\/div>\n\t\t\t\t<\/div>\n\t\t\t<\/div>\n\t\t\t\t<div class=\"icon-box-text last-reset\">\n\t\t\t\t\t\t\t\t\t\n\n<p>info@annatabeachhotel.vn<\/p>\n\n\t\t<\/div>\n\t<\/div>\n\t\n\t\n<a rel=\"noopener noreferrer\" href=\"https:\/\/annatabeachhotel.vn\/en\/dat-phong\/\" target=\"_blank\" class=\"button primary is-small\"  style=\"border-radius:99px;\">\n    <span>\u0111\u1eb7t ph\u00f2ng<\/span>\n  <\/a>\n\n\n<a rel=\"noopener noreferrer\" href=\"https:\/\/annatabeachhotel.vn\/en\/nha-hang\/\" target=\"_blank\" class=\"button primary is-small\"  style=\"border-radius:99px;\">\n    <span>\u0111\u1eb7t m\u00f3n \u0103n<\/span>\n  <\/a>\n\n\n\n\t\t<\/div>\n\t\t\t\t\t<\/div>\n\n\t\n\n<\/div>\n\n\t\t<\/div>\n\t\t\t\t\t<\/div>\n\n\t\n\n\t<div id=\"col-812637768\" class=\"col medium-6 small-12 large-6\"  >\n\t\t\t\t<div class=\"col-inner\"  >\n\t\t\t\n\t\t\t\n\n<p><iframe src=\"https:\/\/www.google.com\/maps\/embed?pb=!1m18!1m12!1m3!1d3924.912154934706!2d107.09576621533279!3d10.348908969767493!2m3!1f0!2f0!3f0!3m2!1i1024!2i768!4f13.1!3m3!1m2!1s0x31756f341086d1e1%3A0x28f6e8aceed2aaa3!2sAnnata%20Beach%20Hotel!5e0!3m2!1sen!2s!4v1652530019604!5m2!1sen!2s\" width=\"600\" height=\"450\" style=\"border:0;\" allowfullscreen=\"\" loading=\"lazy\" referrerpolicy=\"no-referrer-when-downgrade\"><\/iframe><\/p>\n\n\t\t<\/div>\n\t\t\t\t\n<style>\n#col-812637768 > .col-inner {\n  margin: 0px 0px -45px 0px;\n}\n<\/style>\n\t<\/div>\n\n\t\n\n<\/div>\n\n\t\t<\/div>\n\n\t\t\n<style>\n#section_1009909256 {\n  padding-top: 150px;\n  padding-bottom: 150px;\n  margin-bottom: -90px;\n}\n<\/style>\n\t<\/section>","protected":false},"excerpt":{"rendered":"","protected":false},"author":1,"featured_media":0,"parent":0,"menu_order":0,"comment_status":"closed","ping_status":"closed","template":"page-transparent-header.php","meta":{"footnotes":""},"class_list":["post-877","page","type-page","status-publish","hentry"],"yoast_head":"<!-- This site is optimized with the Yoast SEO plugin v19.9 - https:\/\/yoast.com\/wordpress\/plugins\/seo\/ -->\n<title>Li\u00ean h\u1ec7 | Annata Beach Hotel<\/title>\n<meta name=\"robots\" content=\"index, follow, max-snippet:-1, max-image-preview:large, max-video-preview:-1\" \/>\n<link rel=\"canonical\" href=\"https:\/\/annatabeachhotel.vn\/en\/lien-he\/\" \/>\n<meta property=\"og:locale\" content=\"en_US\" \/>\n<meta property=\"og:type\" content=\"article\" \/>\n<meta property=\"og:title\" content=\"Li\u00ean h\u1ec7 | Annata Beach Hotel\" \/>\n<meta property=\"og:url\" content=\"https:\/\/annatabeachhotel.vn\/en\/lien-he\/\" \/>\n<meta property=\"og:site_name\" content=\"Annata Beach Hotel\" \/>\n<meta property=\"article:modified_time\" content=\"2022-05-29T13:32:08+00:00\" \/>\n<meta name=\"twitter:card\" content=\"summary_large_image\" \/>\n<script type=\"application\/ld+json\" class=\"yoast-schema-graph\">{\"@context\":\"https:\/\/schema.org\",\"@graph\":[{\"@type\":\"WebPage\",\"@id\":\"https:\/\/annatabeachhotel.vn\/lien-he\/\",\"url\":\"https:\/\/annatabeachhotel.vn\/lien-he\/\",\"name\":\"Li\u00ean h\u1ec7 | Annata Beach Hotel\",\"isPartOf\":{\"@id\":\"https:\/\/annatabeachhotel.vn\/#website\"},\"datePublished\":\"2022-05-14T11:54:20+00:00\",\"dateModified\":\"2022-05-29T13:32:08+00:00\",\"breadcrumb\":{\"@id\":\"https:\/\/annatabeachhotel.vn\/lien-he\/#breadcrumb\"},\"inLanguage\":\"en-US\",\"potentialAction\":[{\"@type\":\"ReadAction\",\"target\":[\"https:\/\/annatabeachhotel.vn\/lien-he\/\"]}]},{\"@type\":\"BreadcrumbList\",\"@id\":\"https:\/\/annatabeachhotel.vn\/lien-he\/#breadcrumb\",\"itemListElement\":[{\"@type\":\"ListItem\",\"position\":1,\"name\":\"Home\",\"item\":\"https:\/\/annatabeachhotel.vn\/\"},{\"@type\":\"ListItem\",\"position\":2,\"name\":\"Li\u00ean h\u1ec7\"}]},{\"@type\":\"WebSite\",\"@id\":\"https:\/\/annatabeachhotel.vn\/#website\",\"url\":\"https:\/\/annatabeachhotel.vn\/\",\"name\":\"Annata Beach Hotel\",\"description\":\"Kh\u00e1ch s\u1ea1n V\u0169ng T\u00e0u\",\"potentialAction\":[{\"@type\":\"SearchAction\",\"target\":{\"@type\":\"EntryPoint\",\"urlTemplate\":\"https:\/\/annatabeachhotel.vn\/?s={search_term_string}\"},\"query-input\":\"required name=search_term_string\"}],\"inLanguage\":\"en-US\"}]}<\/script>\n<!-- \/ Yoast SEO plugin. -->","yoast_head_json":{"title":"Li\u00ean h\u1ec7 | Annata Beach Hotel","robots":{"index":"index","follow":"follow","max-snippet":"max-snippet:-1","max-image-preview":"max-image-preview:large","max-video-preview":"max-video-preview:-1"},"canonical":"https:\/\/annatabeachhotel.vn\/en\/lien-he\/","og_locale":"en_US","og_type":"article","og_title":"Li\u00ean h\u1ec7 | Annata Beach Hotel","og_url":"https:\/\/annatabeachhotel.vn\/en\/lien-he\/","og_site_name":"Annata Beach Hotel","article_modified_time":"2022-05-29T13:32:08+00:00","twitter_card":"summary_large_image","schema":{"@context":"https:\/\/schema.org","@graph":[{"@type":"WebPage","@id":"https:\/\/annatabeachhotel.vn\/lien-he\/","url":"https:\/\/annatabeachhotel.vn\/lien-he\/","name":"Li\u00ean h\u1ec7 | Annata Beach Hotel","isPartOf":{"@id":"https:\/\/annatabeachhotel.vn\/#website"},"datePublished":"2022-05-14T11:54:20+00:00","dateModified":"2022-05-29T13:32:08+00:00","breadcrumb":{"@id":"https:\/\/annatabeachhotel.vn\/lien-he\/#breadcrumb"},"inLanguage":"en-US","potentialAction":[{"@type":"ReadAction","target":["https:\/\/annatabeachhotel.vn\/lien-he\/"]}]},{"@type":"BreadcrumbList","@id":"https:\/\/annatabeachhotel.vn\/lien-he\/#breadcrumb","itemListElement":[{"@type":"ListItem","position":1,"name":"Home","item":"https:\/\/annatabeachhotel.vn\/"},{"@type":"ListItem","position":2,"name":"Li\u00ean h\u1ec7"}]},{"@type":"WebSite","@id":"https:\/\/annatabeachhotel.vn\/#website","url":"https:\/\/annatabeachhotel.vn\/","name":"Annata Beach Hotel","description":"Kh\u00e1ch s\u1ea1n V\u0169ng T\u00e0u","potentialAction":[{"@type":"SearchAction","target":{"@type":"EntryPoint","urlTemplate":"https:\/\/annatabeachhotel.vn\/?s={search_term_string}"},"query-input":"required name=search_term_string"}],"inLanguage":"en-US"}]}},"_links":{"self":[{"href":"https:\/\/annatabeachhotel.vn\/en\/wp-json\/wp\/v2\/pages\/877"}],"collection":[{"href":"https:\/\/annatabeachhotel.vn\/en\/wp-json\/wp\/v2\/pages"}],"about":[{"href":"https:\/\/annatabeachhotel.vn\/en\/wp-json\/wp\/v2\/types\/page"}],"author":[{"embeddable":true,"href":"https:\/\/annatabeachhotel.vn\/en\/wp-json\/wp\/v2\/users\/1"}],"replies":[{"embeddable":true,"href":"https:\/\/annatabeachhotel.vn\/en\/wp-json\/wp\/v2\/comments?post=877"}],"version-history":[{"count":5,"href":"https:\/\/annatabeachhotel.vn\/en\/wp-json\/wp\/v2\/pages\/877\/revisions"}],"predecessor-version":[{"id":1571,"href":"https:\/\/annatabeachhotel.vn\/en\/wp-json\/wp\/v2\/pages\/877\/revisions\/1571"}],"wp:attachment":[{"href":"https:\/\/annatabeachhotel.vn\/en\/wp-json\/wp\/v2\/media?parent=877"}],"curies":[{"name":"wp","href":"https:\/\/api.w.org\/{rel}","templated":true}]}}